{"id":4506,"date":"2019-02-13T07:25:35","date_gmt":"2019-02-13T12:25:35","guid":{"rendered":"https:\/\/sandraperezdev.wpenginepowered.com\/?page_id=4506"},"modified":"2019-02-13T12:09:50","modified_gmt":"2019-02-13T17:09:50","slug":"videos-modelo-de-innovacion","status":"publish","type":"page","link":"https:\/\/sandraperezbotero.com\/es\/videos-modelo-de-innovacion\/","title":{"rendered":"Videos Modelo de Innovaci\u00f3n"},"content":{"rendered":"<p>[vc_row full_width=&#8221;stretch_row_content_no_spaces&#8221; css=&#8221;.vc_custom_1550021710605{padding-top: 100px !important;padding-bottom: 100px !important;background-position: center !important;background-repeat: no-repeat !important;background-size: cover !important;}&#8221; bbvcedo_x_large_csstypo=&#8221;.bb_custom_1548890646738{background-image:url(&#8216;https:\/\/sandraperezbotero.com\/wp-content\/uploads\/2019\/01\/blur-business-click-1109543-gr.jpg&#8217;)!important;}&#8221;][vc_column][vc_single_image image=&#8221;1073&#8243; img_size=&#8221;medium&#8221; alignment=&#8221;center&#8221;][vc_empty_space height=&#8221;22px&#8221;][vc_separator][vc_empty_space height=&#8221;22px&#8221;][vc_row_inner][vc_column_inner css=&#8221;.vc_custom_1532029251136{background-position: center !important;background-repeat: no-repeat !important;background-size: cover !important;}&#8221; offset=&#8221;vc_col-lg-offset-2 vc_col-lg-3 vc_col-md-offset-0 vc_col-md-5&#8243;][vc_single_image image=&#8221;4513&#8243;][\/vc_column_inner][vc_column_inner el_class=&#8221;columna-texto-squeeze&#8221; width=&#8221;5\/6&#8243; offset=&#8221;vc_col-lg-offset-0 vc_col-lg-5 vc_col-md-offset-0 vc_col-md-7 vc_col-sm-offset-1 vc_col-xs-12&#8243; css=&#8221;.vc_custom_1532029765463{padding-top: 50px !important;}&#8221;][vc_separator el_class=&#8221;separador-titulo&#8221;][vc_custom_heading text=&#8221;MODELO DE INNOVACI\u00d3N&#8221; el_class=&#8221;cabecera-titulo&#8221;][vc_empty_space height=&#8221;10px&#8221;][vc_empty_space height=&#8221;10px&#8221;][vc_column_text]Obt\u00e9n acceso a una serie de 6 videos en los que te explico un poco m\u00e1s de las etapas de este modelo de pensamiento y acci\u00f3n para la innovaci\u00f3n.[\/vc_column_text][vc_empty_space height=&#8221;10px&#8221;][vc_empty_space height=&#8221;10px&#8221;][vc_raw_html]JTNDZm9ybSUyMGFjY2VwdC1jaGFyc2V0JTNEJTIyVVRGLTglMjIlMjBhY3Rpb24lM0QlMjJodHRwcyUzQSUyRiUyRnR2NDI4LmluZnVzaW9uc29mdC5jb20lMkZhcHAlMkZmb3JtJTJGcHJvY2VzcyUyRjVhYzZjY2IzNGFhYmE0MmE0NWI5YzlhYzFkODM3ZjVlJTIyJTIwY2xhc3MlM0QlMjJpbmZ1c2lvbi1mb3JtJTIyJTIwaWQlM0QlMjJpbmZfZm9ybV81YWM2Y2NiMzRhYWJhNDJhNDViOWM5YWMxZDgzN2Y1ZSUyMiUyMG1ldGhvZCUzRCUyMlBPU1QlMjIlM0UlMEElMjAlMjAlMjAlMjAlM0NpbnB1dCUyMG5hbWUlM0QlMjJpbmZfZm9ybV94aWQlMjIlMjB0eXBlJTNEJTIyaGlkZGVuJTIyJTIwdmFsdWUlM0QlMjI1YWM2Y2NiMzRhYWJhNDJhNDViOWM5YWMxZDgzN2Y1ZSUyMiUyMCUyRiUzRSUwQSUyMCUyMCUyMCUyMCUzQ2lucHV0JTIwbmFtZSUzRCUyMmluZl9mb3JtX25hbWUlMjIlMjB0eXBlJTNEJTIyaGlkZGVuJTIyJTIwdmFsdWUlM0QlMjJGb3JtJTIwJTI2JTIzYSUzQnZpZGVvcyUyMGRlJTIwbW9kZWxvJTI2JTIzYSUzQmRlJTIwaW5ub3ZhY2lvbiUyMiUyMCUyRiUzRSUwQSUyMCUyMCUyMCUyMCUzQ2lucHV0JTIwbmFtZSUzRCUyMmluZnVzaW9uc29mdF92ZXJzaW9uJTIyJTIwdHlwZSUzRCUyMmhpZGRlbiUyMiUyMHZhbHVlJTNEJTIyMS43MC4wLjgxNjQ1JTIyJTIwJTJGJTNFJTBBJTIwJTIwJTIwJTIwJTNDZGl2JTIwY2xhc3MlM0QlMjJpbmZ1c2lvbi1maWVsZCUyMiUzRSUwQSUyMCUyMCUyMCUyMCUyMCUyMCUyMCUzQ2RpdiUyMGNsYXNzJTNEJTIyaW5mdXNpb24tZmllbGQlMjIlM0UlM0NpbnB1dCUyMGlkJTNEJTIyaW5mX2ZpZWxkX0ZpcnN0TmFtZSUyMiUyMGNsYXNzJTNEJTIyaW5mdXNpb24tZmllbGQtaW5wdXQlMjIlMjBuYW1lJTNEJTIyaW5mX2ZpZWxkX0ZpcnN0TmFtZSUyMiUyMHR5cGUlM0QlMjJ0ZXh0JTIyJTIwcGxhY2Vob2xkZXIlM0QlMjJOb21icmUlMjIlMjAlMkYlM0UlM0MlMkZkaXYlM0UlMEElM0NkaXYlMjBjbGFzcyUzRCUyMmluZnVzaW9uLWZpZWxkJTIyJTNFJTNDaW5wdXQlMjBpZCUzRCUyMmluZl9maWVsZF9FbWFpbCUyMiUyMGNsYXNzJTNEJTIyaW5mdXNpb24tZmllbGQtaW5wdXQlMjIlMjBuYW1lJTNEJTIyaW5mX2ZpZWxkX0VtYWlsJTIyJTIwdHlwZSUzRCUyMnRleHQlMjIlMjBwbGFjZWhvbGRlciUzRCUyMkVtYWlsJTIyJTIwJTJGJTNFJTNDJTJGZGl2JTNFJTBBJTNDJTJGZGl2JTNFJTBBJTIwJTIwJTIwJTIwJTNDZGl2JTIwY2xhc3MlM0QlMjJpbmZ1c2lvbi1maWVsZCUyMiUzRSUwQSUyMCUyMCUyMCUyMCUyMCUyMCUyMCUyMCUzQ3NwYW4lMjBjbGFzcyUzRCUyMmluZnVzaW9uLW9wdGlvbiUyMiUzRSUwQSUyMCUyMCUyMCUyMCUyMCUyMCUyMCUyMCUyMCUyMCUyMCUyMCUzQ2lucHV0JTIwaWQlM0QlMjJpbmZfb3B0aW9uX0FjZXB0b2xhcG9sJUMzJUFEdGljYWRlcHJpdmFjaWRhZCUyMiUyMG5hbWUlM0QlMjJpbmZfb3B0aW9uX0FjZXB0b2xhcG9sJUMzJUFEdGljYWRlcHJpdmFjaWRhZCUyMiUyMHR5cGUlM0QlMjJjaGVja2JveCUyMiUyMHZhbHVlJTNEJTIyMjc3JTIyJTIwJTJGJTNFJTBBJTIwJTIwJTIwJTIwJTIwJTIwJTIwJTIwJTIwJTIwJTIwJTIwJTNDbGFiZWwlMjBmb3IlM0QlMjJpbmZfb3B0aW9uX0FjZXB0b2xhcG9sJUMzJUFEdGljYWRlcHJpdmFjaWRhZCUyMiUzRUFjZXB0byUyMGxhJTIwJTNDYSUyMHRhcmdldCUzRCUyMl9ibGFuayUyMiUyMGhyZWYlM0QlMjIlMkZwb2xpdGljYS1kZS1wcml2YWNpZGFkJTIyJTNFcG9sJTI2aWFjdXRlJTNCdGljYSUyMGRlJTIwcHJpdmFjaWRhZCUzQyUyRmElM0UlMjAlMkElM0MlMkZsYWJlbCUzRSUwQSUyMCUyMCUyMCUyMCUyMCUyMCUyMCUyMCUzQyUyRnNwYW4lM0UlMEElMjAlMjAlMjAlMjAlM0MlMkZkaXYlM0UlMEElMjAlMjAlMjAlMjAlM0NkaXYlMjBjbGFzcyUzRCUyMnByaW1lcmEtY2FwYSUyMiUzRSUwQVRlJTIwcmVjdWVyZG8lMjBxdWUlMjBoYXMlMjBhY2VwdGFkbyUyMG51ZXN0cmElMjBwb2wlQzMlQUR0aWNhJTIwZGUlMjBwcml2YWNpZGFkJTJDJTIwZW4lMjBsYSUyMGN1YWwlMjB0ZSUyMGluZm9ybWFtb3MlMjBxdWUlMjByZWNpYmlyJUMzJUExcyUyMG5vdmVkYWRlcyUyMGRlJTIwbnVlc3RyYSUyMHdlYiUyMGUlMjBpbmZvcm1hY2klQzMlQjNuJTIwc29icmUlMjBudWVzdHJvcyUyMHByb2R1Y3RvcyUyMHklMjBzZXJ2aWNpb3MuJTIwRGljaGFzJTIwbm92ZWRhZGVzJTIwbGFzJTIwZW52aWFyZW1vcyUyMHBvciUyMG1haWwlMjBhJTIwdHJhdiVDMyVBOXMlMjBkZSUyMG51ZXN0cm8lMjBnZXN0b3IlMjBkZSUyMGNvcnJlbyUyMGVsZWN0ciVDMyVCM25pY28lMkMlMjBJbmZ1c2lvbnNvZnQuJTBBRW4lMjBjdWFscXVpZXIlMjBtb21lbnRvJTIwcXVlJTIwbG8lMjBkZXNlZXMlMjBwdWVkZXMlMjBkYXJ0ZSUyMGRlJTIwYmFqYSUyMGElMjB0cmF2JUMzJUE5cyUyMGRlbCUyMGVubGFjZSUyMCVFMiU4MCU5Q1Vuc3VzY3JpYmUlRTIlODAlOUQlMjBxdWUlMjBlc3QlQzMlQTElMjBhbCUyMGZpbmFsJTIwZGUlMjBjYWRhJTIwdW5vJTIwZGUlMjBudWVzdHJvcyUyMG1haWxzLiUwQSUzQyUyRmRpdiUzRSUwQSUyMCUyMCUyMCUyMCUzQ2RpdiUyMGNsYXNzJTNEJTIyaW5mdXNpb24tc3VibWl0JTIyJTNFJTBBJTIwJTIwJTIwJTIwJTIwJTIwJTIwJTIwJTNDYnV0dG9uJTIwdHlwZSUzRCUyMnN1Ym1pdCUyMiUzRVZlciUyMHZpZGVvcyUzQyUyRmJ1dHRvbiUzRSUwQSUyMCUyMCUyMCUyMCUzQyUyRmRpdiUzRSUwQSUzQyUyRmZvcm0lM0UlMEElM0NzY3JpcHQlMjB0eXBlJTNEJTIydGV4dCUyRmphdmFzY3JpcHQlMjIlMjBzcmMlM0QlMjJodHRwcyUzQSUyRiUyRnR2NDI4LmluZnVzaW9uc29mdC5hcHAlMkZhcHAlMkZ3ZWJUcmFja2luZyUyRmdldFRyYWNraW5nQ29kZSUyMiUzRSUzQyUyRnNjcmlwdCUzRSUwQSUzQ3NjcmlwdCUyMHR5cGUlM0QlMjJ0ZXh0JTJGamF2YXNjcmlwdCUyMiUyMHNyYyUzRCUyMmh0dHBzJTNBJTJGJTJGdHY0MjguaW5mdXNpb25zb2Z0LmNvbSUyRmFwcCUyRnRpbWV6b25lJTJGdGltZXpvbmVJbnB1dEpzJTNGeGlkJTNENWFjNmNjYjM0YWFiYTQyYTQ1YjljOWFjMWQ4MzdmNWUlMjIlM0UlM0MlMkZzY3JpcHQlM0U=[\/vc_raw_html][\/vc_column_inner][\/vc_row_inner][\/vc_column][\/vc_row]<\/p>\n","protected":false},"excerpt":{"rendered":"<p>[vc_row full_width=&#8221;stretch_row_content_no_spaces&#8221; css=&#8221;.vc_custom_1550021710605{padding-top: 100px !important;padding-bottom: 100px !important;background-position: center !important;background-repeat: no-repeat !important;background-size: cover !important;}&#8221; bbvcedo_x_large_csstypo=&#8221;.bb_custom_1548890646738{background-image:url(&#8216;https:\/\/sandraperezbotero.com\/wp-content\/uploads\/2019\/01\/blur-business-click-1109543-gr.jpg&#8217;)!important;}&#8221;][vc_column][vc_single_image image=&#8221;1073&#8243; img_size=&#8221;medium&#8221; alignment=&#8221;center&#8221;][vc_empty_space height=&#8221;22px&#8221;][vc_separator][vc_empty_space height=&#8221;22px&#8221;][vc_row_inner][vc_column_inner css=&#8221;.vc_custom_1532029251136{background-position: center !important;background-repeat: no-repeat !important;background-size: cover !important;}&#8221; offset=&#8221;vc_col-lg-offset-2 vc_col-lg-3 vc_col-md-offset-0 vc_col-md-5&#8243;][vc_single_image image=&#8221;4513&#8243;][\/vc_column_inner][vc_column_inner el_class=&#8221;columna-texto-squeeze&#8221; width=&#8221;5\/6&#8243; offset=&#8221;vc_col-lg-offset-0 vc_col-lg-5 vc_col-md-offset-0 vc_col-md-7 vc_col-sm-offset-1 vc_col-xs-12&#8243; css=&#8221;.vc_custom_1532029765463{padding-top: 50px !important;}&#8221;][vc_separator el_class=&#8221;separador-titulo&#8221;][vc_custom_heading text=&#8221;MODELO DE INNOVACI\u00d3N&#8221; el_class=&#8221;cabecera-titulo&#8221;][vc_empty_space height=&#8221;10px&#8221;][vc_empty_space height=&#8221;10px&#8221;][vc_column_text]Obt\u00e9n acceso a una serie de 6 [&hellip;]<\/p>\n","protected":false},"author":1,"featured_media":0,"parent":0,"menu_order":0,"comment_status":"closed","ping_status":"closed","template":"templates\/landing-page.php","meta":{"_exactmetrics_skip_tracking":false,"_exactmetrics_sitenote_active":false,"_exactmetrics_sitenote_note":"","_exactmetrics_sitenote_category":0,"footnotes":""},"class_list":["post-4506","page","type-page","status-publish","hentry"],"yoast_head":"<!-- This site is optimized with the Yoast SEO plugin v27.4 - https:\/\/yoast.com\/product\/yoast-seo-wordpress\/ -->\n<title>Videos Modelo de Innovaci\u00f3n | Sandra P\u00e9rez Botero<\/title>\n<meta name=\"description\" content=\"Descubre los h\u00e1bitos de los innovadores que triunfan y convi\u00e9rtete en un l\u00edder que logra resultados. Descarga la gu\u00eda gratuita.\" \/>\n<meta name=\"robots\" content=\"index, follow, max-snippet:-1, max-image-preview:large, max-video-preview:-1\" \/>\n<link rel=\"canonical\" href=\"https:\/\/sandraperezbotero.com\/es\/videos-modelo-de-innovacion\/\" \/>\n<meta property=\"og:locale\" content=\"es_ES\" \/>\n<meta property=\"og:type\" content=\"article\" \/>\n<meta property=\"og:title\" content=\"Videos Modelo de Innovaci\u00f3n | Sandra P\u00e9rez Botero\" \/>\n<meta property=\"og:description\" content=\"Descubre los h\u00e1bitos de los innovadores que triunfan y convi\u00e9rtete en un l\u00edder que logra resultados. Descarga la gu\u00eda gratuita.\" \/>\n<meta property=\"og:url\" content=\"https:\/\/sandraperezbotero.com\/es\/videos-modelo-de-innovacion\/\" \/>\n<meta property=\"og:site_name\" content=\"Sandra P\u00e9rez Botero\" \/>\n<meta property=\"article:publisher\" content=\"https:\/\/www.facebook.com\/isenseinnovacion\/\" \/>\n<meta property=\"article:modified_time\" content=\"2019-02-13T17:09:50+00:00\" \/>\n<meta name=\"twitter:card\" content=\"summary_large_image\" \/>\n<meta name=\"twitter:site\" content=\"@SaPerezBotero\" \/>\n<meta name=\"twitter:label1\" content=\"Tiempo de lectura\" \/>\n\t<meta name=\"twitter:data1\" content=\"3 minutos\" \/>\n<script type=\"application\/ld+json\" class=\"yoast-schema-graph\">{\"@context\":\"https:\\\/\\\/schema.org\",\"@graph\":[{\"@type\":\"WebPage\",\"@id\":\"https:\\\/\\\/sandraperezbotero.com\\\/videos-modelo-de-innovacion\\\/\",\"url\":\"https:\\\/\\\/sandraperezbotero.com\\\/videos-modelo-de-innovacion\\\/\",\"name\":\"Videos Modelo de Innovaci\u00f3n | Sandra P\u00e9rez Botero\",\"isPartOf\":{\"@id\":\"https:\\\/\\\/sandraperezbotero.com\\\/#website\"},\"datePublished\":\"2019-02-13T12:25:35+00:00\",\"dateModified\":\"2019-02-13T17:09:50+00:00\",\"description\":\"Descubre los h\u00e1bitos de los innovadores que triunfan y convi\u00e9rtete en un l\u00edder que logra resultados. Descarga la gu\u00eda gratuita.\",\"breadcrumb\":{\"@id\":\"https:\\\/\\\/sandraperezbotero.com\\\/videos-modelo-de-innovacion\\\/#breadcrumb\"},\"inLanguage\":\"es\",\"potentialAction\":[{\"@type\":\"ReadAction\",\"target\":[\"https:\\\/\\\/sandraperezbotero.com\\\/videos-modelo-de-innovacion\\\/\"]}]},{\"@type\":\"BreadcrumbList\",\"@id\":\"https:\\\/\\\/sandraperezbotero.com\\\/videos-modelo-de-innovacion\\\/#breadcrumb\",\"itemListElement\":[{\"@type\":\"ListItem\",\"position\":1,\"name\":\"Portada\",\"item\":\"https:\\\/\\\/sandraperezbotero.com\\\/\"},{\"@type\":\"ListItem\",\"position\":2,\"name\":\"Videos Modelo de Innovaci\u00f3n\"}]},{\"@type\":\"WebSite\",\"@id\":\"https:\\\/\\\/sandraperezbotero.com\\\/#website\",\"url\":\"https:\\\/\\\/sandraperezbotero.com\\\/\",\"name\":\"Sandra P\u00e9rez Botero\",\"description\":\"Innovation Catalyst\",\"potentialAction\":[{\"@type\":\"SearchAction\",\"target\":{\"@type\":\"EntryPoint\",\"urlTemplate\":\"https:\\\/\\\/sandraperezbotero.com\\\/?s={search_term_string}\"},\"query-input\":{\"@type\":\"PropertyValueSpecification\",\"valueRequired\":true,\"valueName\":\"search_term_string\"}}],\"inLanguage\":\"es\"}]}<\/script>\n<!-- \/ Yoast SEO plugin. -->","yoast_head_json":{"title":"Videos Modelo de Innovaci\u00f3n | Sandra P\u00e9rez Botero","description":"Descubre los h\u00e1bitos de los innovadores que triunfan y convi\u00e9rtete en un l\u00edder que logra resultados. Descarga la gu\u00eda gratuita.","robots":{"index":"index","follow":"follow","max-snippet":"max-snippet:-1","max-image-preview":"max-image-preview:large","max-video-preview":"max-video-preview:-1"},"canonical":"https:\/\/sandraperezbotero.com\/es\/videos-modelo-de-innovacion\/","og_locale":"es_ES","og_type":"article","og_title":"Videos Modelo de Innovaci\u00f3n | Sandra P\u00e9rez Botero","og_description":"Descubre los h\u00e1bitos de los innovadores que triunfan y convi\u00e9rtete en un l\u00edder que logra resultados. Descarga la gu\u00eda gratuita.","og_url":"https:\/\/sandraperezbotero.com\/es\/videos-modelo-de-innovacion\/","og_site_name":"Sandra P\u00e9rez Botero","article_publisher":"https:\/\/www.facebook.com\/isenseinnovacion\/","article_modified_time":"2019-02-13T17:09:50+00:00","twitter_card":"summary_large_image","twitter_site":"@SaPerezBotero","twitter_misc":{"Tiempo de lectura":"3 minutos"},"schema":{"@context":"https:\/\/schema.org","@graph":[{"@type":"WebPage","@id":"https:\/\/sandraperezbotero.com\/videos-modelo-de-innovacion\/","url":"https:\/\/sandraperezbotero.com\/videos-modelo-de-innovacion\/","name":"Videos Modelo de Innovaci\u00f3n | Sandra P\u00e9rez Botero","isPartOf":{"@id":"https:\/\/sandraperezbotero.com\/#website"},"datePublished":"2019-02-13T12:25:35+00:00","dateModified":"2019-02-13T17:09:50+00:00","description":"Descubre los h\u00e1bitos de los innovadores que triunfan y convi\u00e9rtete en un l\u00edder que logra resultados. Descarga la gu\u00eda gratuita.","breadcrumb":{"@id":"https:\/\/sandraperezbotero.com\/videos-modelo-de-innovacion\/#breadcrumb"},"inLanguage":"es","potentialAction":[{"@type":"ReadAction","target":["https:\/\/sandraperezbotero.com\/videos-modelo-de-innovacion\/"]}]},{"@type":"BreadcrumbList","@id":"https:\/\/sandraperezbotero.com\/videos-modelo-de-innovacion\/#breadcrumb","itemListElement":[{"@type":"ListItem","position":1,"name":"Portada","item":"https:\/\/sandraperezbotero.com\/"},{"@type":"ListItem","position":2,"name":"Videos Modelo de Innovaci\u00f3n"}]},{"@type":"WebSite","@id":"https:\/\/sandraperezbotero.com\/#website","url":"https:\/\/sandraperezbotero.com\/","name":"Sandra P\u00e9rez Botero","description":"Innovation Catalyst","potentialAction":[{"@type":"SearchAction","target":{"@type":"EntryPoint","urlTemplate":"https:\/\/sandraperezbotero.com\/?s={search_term_string}"},"query-input":{"@type":"PropertyValueSpecification","valueRequired":true,"valueName":"search_term_string"}}],"inLanguage":"es"}]}},"_links":{"self":[{"href":"https:\/\/sandraperezbotero.com\/es\/wp-json\/wp\/v2\/pages\/4506","targetHints":{"allow":["GET"]}}],"collection":[{"href":"https:\/\/sandraperezbotero.com\/es\/wp-json\/wp\/v2\/pages"}],"about":[{"href":"https:\/\/sandraperezbotero.com\/es\/wp-json\/wp\/v2\/types\/page"}],"author":[{"embeddable":true,"href":"https:\/\/sandraperezbotero.com\/es\/wp-json\/wp\/v2\/users\/1"}],"replies":[{"embeddable":true,"href":"https:\/\/sandraperezbotero.com\/es\/wp-json\/wp\/v2\/comments?post=4506"}],"version-history":[{"count":0,"href":"https:\/\/sandraperezbotero.com\/es\/wp-json\/wp\/v2\/pages\/4506\/revisions"}],"wp:attachment":[{"href":"https:\/\/sandraperezbotero.com\/es\/wp-json\/wp\/v2\/media?parent=4506"}],"curies":[{"name":"wp","href":"https:\/\/api.w.org\/{rel}","templated":true}]}}